{"id":1457,"date":"2023-11-08T15:36:20","date_gmt":"2023-11-08T14:36:20","guid":{"rendered":"https:\/\/phoenix-rd.com\/dosy-2015-codigo-8009\/"},"modified":"2024-10-23T17:32:46","modified_gmt":"2024-10-23T15:32:46","slug":"dosy-2015-codigo-8009","status":"publish","type":"page","link":"https:\/\/phoenix-rd.com\/es\/dosy-2015-codigo-8009\/","title":{"rendered":"DOSY 2015 C\u00d3DIGO 8009"},"content":{"rendered":"<p>[et_pb_section fb_built=\u00bb1&#8243; admin_label=\u00bbHeader\u00bb _builder_version=\u00bb4.23.1&#8243; _module_preset=\u00bbdefault\u00bb use_background_color_gradient=\u00bbon\u00bb background_color_gradient_stops=\u00bbrgba(0,0,0,0.4) 0%|rgba(0,0,0,0.4) 100%\u00bb background_color_gradient_overlays_image=\u00bbon\u00bb background_image=\u00bbhttps:\/\/phoenix-rd.com\/wp-content\/uploads\/2023\/11\/IV-flow-regulator-dosy2015-8009.jpg\u00bb background_position=\u00bbtop_center\u00bb background_vertical_offset=\u00bb30%\u00bb custom_margin=\u00bb||5px|||\u00bb custom_padding=\u00bb0vw||0vw||true|false\u00bb locked=\u00bboff\u00bb collapsed=\u00bbon\u00bb global_colors_info=\u00bb{}\u00bb][et_pb_row _builder_version=\u00bb4.22.1&#8243; _module_preset=\u00bbdefault\u00bb max_width=\u00bb600px\u00bb global_colors_info=\u00bb{}\u00bb][et_pb_column type=\u00bb4_4&#8243; _builder_version=\u00bb4.21.0&#8243; _module_preset=\u00bbdefault\u00bb global_colors_info=\u00bb{}\u00bb][et_pb_text _builder_version=\u00bb4.22.2&#8243; _module_preset=\u00bb67516f98-9ff3-427a-b53f-ab5ccaf2a519&#8243; text_font=\u00bbMontserrat||||||||\u00bb header_text_color=\u00bb#FFFFFF\u00bb text_orientation=\u00bbcenter\u00bb width=\u00bb100%\u00bb custom_margin=\u00bb||10px||false|false\u00bb custom_padding=\u00bb|0px||0px||\u00bb inline_fonts=\u00bbMontserrat\u00bb global_colors_info=\u00bb{}\u00bb]<\/p>\n<h1><span style=\"font-family: Montserrat;\">ENTERAL FEED REGULATOR<\/span><\/h1>\n<h1><span style=\"font-family: Montserrat; font-weight: normal; color: #ffffff; font-size: xx-large;\">DOSY 2015 C\u00d3DIGO 8009<\/span><\/h1>\n<p>[\/et_pb_text][\/et_pb_column][\/et_pb_row][\/et_pb_section][et_pb_section fb_built=\u00bb1&#8243; _builder_version=\u00bb4.22.1&#8243; _module_preset=\u00bbdefault\u00bb global_colors_info=\u00bb{}\u00bb][et_pb_row column_structure=\u00bb1_2,1_2&#8243; _builder_version=\u00bb4.22.1&#8243; _module_preset=\u00bbdefault\u00bb custom_padding=\u00bb0px||0px|||\u00bb global_colors_info=\u00bb{}\u00bb][et_pb_column type=\u00bb1_2&#8243; _builder_version=\u00bb4.22.1&#8243; _module_preset=\u00bbdefault\u00bb global_colors_info=\u00bb{}\u00bb][et_pb_text content_last_edited=\u00bboff|desktop\u00bb _builder_version=\u00bb4.23.1&#8243; _module_preset=\u00bb81a176a8-1000-4ee3-a24a-df7370b5f1fe\u00bb width=\u00bb100%\u00bb max_width=\u00bb100%\u00bb module_alignment=\u00bbleft\u00bb custom_padding=\u00bb26.4%||||false|false\u00bb inline_fonts=\u00bbMontserrat\u00bb global_colors_info=\u00bb{}\u00bb]<\/p>\n<p><strong>Aplicaci\u00f3n<\/strong><br \/>Regulaci\u00f3n de la entrega del flujo en suministraciones intravenosas, solamente por gravedad.<\/p>\n<p><strong>Caracter\u00edsticas principales<\/strong><br \/>Este regulador asegura una administraci\u00f3n estable con el tiempo. Permite precisi\u00f3n y extrema facilidad en la regulaci\u00f3n del flujo.<\/p>\n<p>[\/et_pb_text][\/et_pb_column][et_pb_column type=\u00bb1_2&#8243; _builder_version=\u00bb4.22.1&#8243; _module_preset=\u00bbdefault\u00bb global_colors_info=\u00bb{}\u00bb][et_pb_image src=\u00bbhttps:\/\/phoenix-rd.com\/wp-content\/uploads\/2023\/11\/Enteral-feed-regulator-Dosy-2015-code-8009.png\u00bb alt=\u00bbEnteral-feed-regulator-Dosy 2015-code-8009&#8243; title_text=\u00bbEnteral-feed-regulator-Dosy 2015-code-8009&#8243; show_in_lightbox=\u00bbon\u00bb show_bottom_space=\u00bboff\u00bb align=\u00bbright\u00bb _builder_version=\u00bb4.23.1&#8243; _module_preset=\u00bbdefault\u00bb width=\u00bb70%\u00bb max_width=\u00bb60%\u00bb module_alignment=\u00bbcenter\u00bb custom_margin=\u00bb77px||127px|||\u00bb global_colors_info=\u00bb{}\u00bb][\/et_pb_image][\/et_pb_column][\/et_pb_row][\/et_pb_section][et_pb_section fb_built=\u00bb1&#8243; _builder_version=\u00bb4.22.2&#8243; _module_preset=\u00bbdefault\u00bb background_color=\u00bb#176fc1&#8243; global_colors_info=\u00bb{}\u00bb][et_pb_row column_structure=\u00bb1_5,1_5,1_5,1_5,1_5&#8243; _builder_version=\u00bb4.22.2&#8243; _module_preset=\u00bbdefault\u00bb global_colors_info=\u00bb{}\u00bb][et_pb_column type=\u00bb1_5&#8243; _builder_version=\u00bb4.22.2&#8243; _module_preset=\u00bbdefault\u00bb global_colors_info=\u00bb{}\u00bb][et_pb_icon font_icon=\u00bb&#xf769;||fa||900&#8243; icon_color=\u00bb#FFFFFF\u00bb _builder_version=\u00bb4.22.2&#8243; _module_preset=\u00bbdefault\u00bb background_enable_color=\u00bboff\u00bb locked=\u00bboff\u00bb global_colors_info=\u00bb{}\u00bb][\/et_pb_icon][et_pb_text _builder_version=\u00bb4.23.1&#8243; _module_preset=\u00bbdefault\u00bb text_text_color=\u00bb#FFFFFF\u00bb global_colors_info=\u00bb{}\u00bb]<\/p>\n<p><strong>ABS resistente a las altas temperaturas<\/strong><br \/>Temperatura m\u00e1xima de esterilizaci\u00f3n 60\u00b0C<br \/>Duraci\u00f3n: 5 a\u00f1os<\/p>\n<p>[\/et_pb_text][\/et_pb_column][et_pb_column type=\u00bb1_5&#8243; _builder_version=\u00bb4.22.2&#8243; _module_preset=\u00bbdefault\u00bb global_colors_info=\u00bb{}\u00bb][et_pb_image src=\u00bbhttps:\/\/phoenix-rd.com\/wp-content\/uploads\/2023\/10\/gasket-IV_flow-regulator.jpg.png\u00bb alt=\u00bbgasket-flow-regulator\u00bb title_text=\u00bbgasket-IV_flow-regulator.jpg\u00bb align=\u00bbcenter\u00bb _builder_version=\u00bb4.23.1&#8243; _module_preset=\u00bbdefault\u00bb max_width=\u00bb96px\u00bb min_height=\u00bb60%\u00bb custom_padding=\u00bb||||false|false\u00bb locked=\u00bboff\u00bb global_colors_info=\u00bb{}\u00bb][\/et_pb_image][et_pb_text _builder_version=\u00bb4.23.1&#8243; _module_preset=\u00bbdefault\u00bb text_text_color=\u00bb#FFFFFF\u00bb global_colors_info=\u00bb{}\u00bb]<\/p>\n<p><strong>Junta en silicona transparente LSR<\/strong><br \/>La silicona es el material mejor porque une caracter\u00edsticas mec\u00e1nicas excepcionales, perfecta biocompatibilidad y ausencia de interferencia con los f\u00e1rmacos.<\/p>\n<p>[\/et_pb_text][\/et_pb_column][et_pb_column type=\u00bb1_5&#8243; _builder_version=\u00bb4.22.2&#8243; _module_preset=\u00bbdefault\u00bb global_colors_info=\u00bb{}\u00bb][et_pb_icon font_icon=\u00bb&#xf2e7;||fa||900&#8243; icon_color=\u00bb#FFFFFF\u00bb _builder_version=\u00bb4.23.1&#8243; _module_preset=\u00bbdefault\u00bb background_enable_color=\u00bboff\u00bb global_colors_info=\u00bb{}\u00bb][\/et_pb_icon][et_pb_text _builder_version=\u00bb4.23.1&#8243; _module_preset=\u00bbdefault\u00bb text_text_color=\u00bb#FFFFFF\u00bb hover_enabled=\u00bb0&#8243; global_colors_info=\u00bb{}\u00bb sticky_enabled=\u00bb0&#8243;]<\/p>\n<p><strong>Regulador enteral<\/strong><br \/>El canal, proyectado a partir de una idea de Tesla, permite reducir la velocidad del flujo de las soluciones enterales sin el riesgo de obstrucci\u00f3n<\/p>\n<p>[\/et_pb_text][\/et_pb_column][et_pb_column type=\u00bb1_5&#8243; _builder_version=\u00bb4.22.2&#8243; _module_preset=\u00bbdefault\u00bb global_colors_info=\u00bb{}\u00bb][et_pb_icon font_icon=\u00bb&#xf05b;||fa||900&#8243; icon_color=\u00bb#FFFFFF\u00bb _builder_version=\u00bb4.22.2&#8243; _module_preset=\u00bbdefault\u00bb background_enable_color=\u00bboff\u00bb locked=\u00bboff\u00bb global_colors_info=\u00bb{}\u00bb][\/et_pb_icon][et_pb_text _builder_version=\u00bb4.22.2&#8243; _module_preset=\u00bbdefault\u00bb text_text_color=\u00bb#FFFFFF\u00bb locked=\u00bboff\u00bb global_colors_info=\u00bb{}\u00bb]<\/p>\n<p><strong>Baja desviaci\u00f3n del est\u00e1ndar, Alta precisi\u00f3n<\/strong><br \/>La precisi\u00f3n del sistema y las soluciones adoptadas aseguran una alta uniformidad de entrega.<\/p>\n<p>[\/et_pb_text][\/et_pb_column][et_pb_column type=\u00bb1_5&#8243; _builder_version=\u00bb4.22.2&#8243; _module_preset=\u00bbdefault\u00bb global_colors_info=\u00bb{}\u00bb][et_pb_icon font_icon=\u00bb&#xe02d;||divi||400&#8243; icon_color=\u00bb#FFFFFF\u00bb _builder_version=\u00bb4.22.2&#8243; _module_preset=\u00bbdefault\u00bb background_enable_color=\u00bboff\u00bb global_colors_info=\u00bb{}\u00bb][\/et_pb_icon][et_pb_text _builder_version=\u00bb4.22.2&#8243; _module_preset=\u00bbdefault\u00bb text_text_color=\u00bb#FFFFFF\u00bb global_colors_info=\u00bb{}\u00bb]<\/p>\n<p><strong>Regulaci\u00f3n f\u00e1cil y fluida<\/strong><br \/>La junta en silicona est\u00e1 caracterizada por un coeficiente de fricci\u00f3n bajo, lo que permite una rotaci\u00f3n fluida del regulador.<\/p>\n<p>[\/et_pb_text][\/et_pb_column][\/et_pb_row][\/et_pb_section][et_pb_section fb_built=\u00bb1&#8243; _builder_version=\u00bb4.22.2&#8243; _module_preset=\u00bbdefault\u00bb min_height=\u00bb1253.3px\u00bb custom_margin=\u00bb||||true|false\u00bb custom_padding=\u00bb||||false|false\u00bb global_colors_info=\u00bb{}\u00bb][et_pb_row column_structure=\u00bb1_2,1_2&#8243; use_custom_gutter=\u00bbon\u00bb gutter_width=\u00bb1&#8243; make_equal=\u00bbon\u00bb admin_label=\u00bbBest Beans Row\u00bb module_class=\u00bb et_pb_row_fullwidth\u00bb _builder_version=\u00bb4.22.2&#8243; _module_preset=\u00bbdefault\u00bb width=\u00bb100%\u00bb max_width=\u00bbnone\u00bb min_height=\u00bb504.4px\u00bb custom_margin=\u00bb-10px|auto|-10px|auto|true|false\u00bb custom_padding=\u00bb0px||0px||false|false\u00bb make_fullwidth=\u00bbon\u00bb global_colors_info=\u00bb{}\u00bb][et_pb_column type=\u00bb1_2&#8243; _builder_version=\u00bb4.22.1&#8243; _module_preset=\u00bbdefault\u00bb background_enable_image=\u00bboff\u00bb custom_padding=\u00bb8%|8%|8%|8%|true|true\u00bb global_colors_info=\u00bb{}\u00bb custom_padding__hover=\u00bb|||\u00bb][et_pb_gallery gallery_ids=\u00bb68,69&#8243; _builder_version=\u00bb4.22.1&#8243; _module_preset=\u00bbdefault\u00bb custom_padding=\u00bb0px|||||\u00bb global_colors_info=\u00bb{}\u00bb][\/et_pb_gallery][et_pb_gallery gallery_ids=\u00bb758,759&#8243; _builder_version=\u00bb4.23.1&#8243; _module_preset=\u00bbdefault\u00bb link_option_url=\u00bbhttps:\/\/phoenix-rd.com\/wp-content\/uploads\/2023\/11\/Enteral-Feed-regulator_Dosy-2015_8009-Phoenix_RD-1.pdf\u00bb global_colors_info=\u00bb{}\u00bb][\/et_pb_gallery][\/et_pb_column][et_pb_column type=\u00bb1_2&#8243; _builder_version=\u00bb4.22.1&#8243; _module_preset=\u00bbdefault\u00bb background_enable_image=\u00bboff\u00bb custom_padding=\u00bb8%|8%|8%|8%|true|true\u00bb global_colors_info=\u00bb{}\u00bb custom_padding__hover=\u00bb|||\u00bb][et_pb_button button_url=\u00bbhttps:\/\/phoenix-rd.com\/wp-content\/uploads\/2023\/11\/Enteral-Feed-regulator_Dosy-2015_8009-Phoenix_RD-1.pdf\u00bb url_new_window=\u00bbon\u00bb button_text=\u00bbDosy 2015 c\u00f3digo 8009 ficha t\u00e9cnica\u00bb button_alignment=\u00bbcenter\u00bb _builder_version=\u00bb4.23.1&#8243; _module_preset=\u00bbdefault\u00bb custom_button=\u00bbon\u00bb button_text_size=\u00bb20px\u00bb button_text_color=\u00bb#FFFFFF\u00bb button_bg_color=\u00bb#176fc1&#8243; global_colors_info=\u00bb{}\u00bb][\/et_pb_button][et_pb_button button_url=\u00bbhttps:\/\/phoenix-rd.com\/products\/\u00bb button_text=\u00bbTodos los productos\u00bb button_alignment=\u00bbcenter\u00bb _builder_version=\u00bb4.23.1&#8243; _module_preset=\u00bbdefault\u00bb custom_button=\u00bbon\u00bb button_text_color=\u00bb#FFFFFF\u00bb button_bg_color=\u00bb#176fc1&#8243; global_colors_info=\u00bb{}\u00bb][\/et_pb_button][\/et_pb_column][\/et_pb_row][\/et_pb_section]<\/p>\n","protected":false},"excerpt":{"rendered":"<p>ENTERAL FEED REGULATOR DOSY 2015 C\u00d3DIGO 8009Aplicaci\u00f3nRegulaci\u00f3n de la entrega del flujo en suministraciones intravenosas, solamente por gravedad. Caracter\u00edsticas principalesEste regulador asegura una administraci\u00f3n estable con el tiempo. Permite precisi\u00f3n y extrema facilidad en la regulaci\u00f3n del flujo.ABS resistente a las altas temperaturasTemperatura m\u00e1xima de esterilizaci\u00f3n 60\u00b0CDuraci\u00f3n: 5 a\u00f1osJunta en silicona transparente LSRLa silicona es [&hellip;]<\/p>\n","protected":false},"author":1,"featured_media":0,"parent":0,"menu_order":0,"comment_status":"closed","ping_status":"closed","template":"","meta":{"_et_pb_use_builder":"on","_et_pb_old_content":"","_et_gb_content_width":"","_monsterinsights_skip_tracking":false,"_monsterinsights_sitenote_active":false,"_monsterinsights_sitenote_note":"","_monsterinsights_sitenote_category":0,"iawp_total_views":1,"footnotes":""},"class_list":["post-1457","page","type-page","status-publish","hentry"],"yoast_head":"<!-- This site is optimized with the Yoast SEO plugin v27.3 - https:\/\/yoast.com\/product\/yoast-seo-wordpress\/ -->\n<title>DOSY 2015 C\u00d3DIGO 8009 - Phoenix R. &amp; D. Srl - Flow Regulation<\/title>\n<meta name=\"robots\" content=\"index, follow, max-snippet:-1, max-image-preview:large, max-video-preview:-1\" \/>\n<link rel=\"canonical\" href=\"https:\/\/phoenix-rd.com\/es\/dosy-2015-codigo-8009\/\" \/>\n<meta property=\"og:locale\" content=\"es_ES\" \/>\n<meta property=\"og:type\" content=\"article\" \/>\n<meta property=\"og:title\" content=\"DOSY 2015 C\u00d3DIGO 8009 - Phoenix R. &amp; D. Srl - Flow Regulation\" \/>\n<meta property=\"og:description\" content=\"ENTERAL FEED REGULATOR DOSY 2015 C\u00d3DIGO 8009Aplicaci\u00f3nRegulaci\u00f3n de la entrega del flujo en suministraciones intravenosas, solamente por gravedad. Caracter\u00edsticas principalesEste regulador asegura una administraci\u00f3n estable con el tiempo. Permite precisi\u00f3n y extrema facilidad en la regulaci\u00f3n del flujo.ABS resistente a las altas temperaturasTemperatura m\u00e1xima de esterilizaci\u00f3n 60\u00b0CDuraci\u00f3n: 5 a\u00f1osJunta en silicona transparente LSRLa silicona es [&hellip;]\" \/>\n<meta property=\"og:url\" content=\"https:\/\/phoenix-rd.com\/es\/dosy-2015-codigo-8009\/\" \/>\n<meta property=\"og:site_name\" content=\"Phoenix R. &amp; D. Srl - Flow Regulation\" \/>\n<meta property=\"article:modified_time\" content=\"2024-10-23T15:32:46+00:00\" \/>\n<meta name=\"twitter:card\" content=\"summary_large_image\" \/>\n<meta name=\"twitter:label1\" content=\"Tiempo de lectura\" \/>\n\t<meta name=\"twitter:data1\" content=\"6 minutos\" \/>\n<script type=\"application\/ld+json\" class=\"yoast-schema-graph\">{\"@context\":\"https:\\\/\\\/schema.org\",\"@graph\":[{\"@type\":\"WebPage\",\"@id\":\"https:\\\/\\\/phoenix-rd.com\\\/es\\\/dosy-2015-codigo-8009\\\/\",\"url\":\"https:\\\/\\\/phoenix-rd.com\\\/es\\\/dosy-2015-codigo-8009\\\/\",\"name\":\"DOSY 2015 C\u00d3DIGO 8009 - Phoenix R. &amp; D. Srl - Flow Regulation\",\"isPartOf\":{\"@id\":\"https:\\\/\\\/phoenix-rd.com\\\/es\\\/#website\"},\"datePublished\":\"2023-11-08T14:36:20+00:00\",\"dateModified\":\"2024-10-23T15:32:46+00:00\",\"breadcrumb\":{\"@id\":\"https:\\\/\\\/phoenix-rd.com\\\/es\\\/dosy-2015-codigo-8009\\\/#breadcrumb\"},\"inLanguage\":\"es\",\"potentialAction\":[{\"@type\":\"ReadAction\",\"target\":[\"https:\\\/\\\/phoenix-rd.com\\\/es\\\/dosy-2015-codigo-8009\\\/\"]}]},{\"@type\":\"BreadcrumbList\",\"@id\":\"https:\\\/\\\/phoenix-rd.com\\\/es\\\/dosy-2015-codigo-8009\\\/#breadcrumb\",\"itemListElement\":[{\"@type\":\"ListItem\",\"position\":1,\"name\":\"Home\",\"item\":\"https:\\\/\\\/phoenix-rd.com\\\/es\\\/regulador-de-flujo-phoenix-r-d\\\/\"},{\"@type\":\"ListItem\",\"position\":2,\"name\":\"DOSY 2015 C\u00d3DIGO 8009\"}]},{\"@type\":\"WebSite\",\"@id\":\"https:\\\/\\\/phoenix-rd.com\\\/es\\\/#website\",\"url\":\"https:\\\/\\\/phoenix-rd.com\\\/es\\\/\",\"name\":\"Phoenix R. &amp; D. Srl - Flow Regulation\",\"description\":\"Phoenix R&amp;D Phoenix R&amp;D is focused on IV Flow Regulation components - creating, researching and producing innovations.\",\"potentialAction\":[{\"@type\":\"SearchAction\",\"target\":{\"@type\":\"EntryPoint\",\"urlTemplate\":\"https:\\\/\\\/phoenix-rd.com\\\/es\\\/?s={search_term_string}\"},\"query-input\":{\"@type\":\"PropertyValueSpecification\",\"valueRequired\":true,\"valueName\":\"search_term_string\"}}],\"inLanguage\":\"es\"}]}<\/script>\n<!-- \/ Yoast SEO plugin. -->","yoast_head_json":{"title":"DOSY 2015 C\u00d3DIGO 8009 - Phoenix R. &amp; D. Srl - Flow Regulation","robots":{"index":"index","follow":"follow","max-snippet":"max-snippet:-1","max-image-preview":"max-image-preview:large","max-video-preview":"max-video-preview:-1"},"canonical":"https:\/\/phoenix-rd.com\/es\/dosy-2015-codigo-8009\/","og_locale":"es_ES","og_type":"article","og_title":"DOSY 2015 C\u00d3DIGO 8009 - Phoenix R. &amp; D. Srl - Flow Regulation","og_description":"ENTERAL FEED REGULATOR DOSY 2015 C\u00d3DIGO 8009Aplicaci\u00f3nRegulaci\u00f3n de la entrega del flujo en suministraciones intravenosas, solamente por gravedad. Caracter\u00edsticas principalesEste regulador asegura una administraci\u00f3n estable con el tiempo. Permite precisi\u00f3n y extrema facilidad en la regulaci\u00f3n del flujo.ABS resistente a las altas temperaturasTemperatura m\u00e1xima de esterilizaci\u00f3n 60\u00b0CDuraci\u00f3n: 5 a\u00f1osJunta en silicona transparente LSRLa silicona es [&hellip;]","og_url":"https:\/\/phoenix-rd.com\/es\/dosy-2015-codigo-8009\/","og_site_name":"Phoenix R. &amp; D. Srl - Flow Regulation","article_modified_time":"2024-10-23T15:32:46+00:00","twitter_card":"summary_large_image","twitter_misc":{"Tiempo de lectura":"6 minutos"},"schema":{"@context":"https:\/\/schema.org","@graph":[{"@type":"WebPage","@id":"https:\/\/phoenix-rd.com\/es\/dosy-2015-codigo-8009\/","url":"https:\/\/phoenix-rd.com\/es\/dosy-2015-codigo-8009\/","name":"DOSY 2015 C\u00d3DIGO 8009 - Phoenix R. &amp; D. Srl - Flow Regulation","isPartOf":{"@id":"https:\/\/phoenix-rd.com\/es\/#website"},"datePublished":"2023-11-08T14:36:20+00:00","dateModified":"2024-10-23T15:32:46+00:00","breadcrumb":{"@id":"https:\/\/phoenix-rd.com\/es\/dosy-2015-codigo-8009\/#breadcrumb"},"inLanguage":"es","potentialAction":[{"@type":"ReadAction","target":["https:\/\/phoenix-rd.com\/es\/dosy-2015-codigo-8009\/"]}]},{"@type":"BreadcrumbList","@id":"https:\/\/phoenix-rd.com\/es\/dosy-2015-codigo-8009\/#breadcrumb","itemListElement":[{"@type":"ListItem","position":1,"name":"Home","item":"https:\/\/phoenix-rd.com\/es\/regulador-de-flujo-phoenix-r-d\/"},{"@type":"ListItem","position":2,"name":"DOSY 2015 C\u00d3DIGO 8009"}]},{"@type":"WebSite","@id":"https:\/\/phoenix-rd.com\/es\/#website","url":"https:\/\/phoenix-rd.com\/es\/","name":"Phoenix R. &amp; D. Srl - Flow Regulation","description":"Phoenix R&amp;D Phoenix R&amp;D is focused on IV Flow Regulation components - creating, researching and producing innovations.","potentialAction":[{"@type":"SearchAction","target":{"@type":"EntryPoint","urlTemplate":"https:\/\/phoenix-rd.com\/es\/?s={search_term_string}"},"query-input":{"@type":"PropertyValueSpecification","valueRequired":true,"valueName":"search_term_string"}}],"inLanguage":"es"}]}},"_links":{"self":[{"href":"https:\/\/phoenix-rd.com\/es\/wp-json\/wp\/v2\/pages\/1457","targetHints":{"allow":["GET"]}}],"collection":[{"href":"https:\/\/phoenix-rd.com\/es\/wp-json\/wp\/v2\/pages"}],"about":[{"href":"https:\/\/phoenix-rd.com\/es\/wp-json\/wp\/v2\/types\/page"}],"author":[{"embeddable":true,"href":"https:\/\/phoenix-rd.com\/es\/wp-json\/wp\/v2\/users\/1"}],"replies":[{"embeddable":true,"href":"https:\/\/phoenix-rd.com\/es\/wp-json\/wp\/v2\/comments?post=1457"}],"version-history":[{"count":2,"href":"https:\/\/phoenix-rd.com\/es\/wp-json\/wp\/v2\/pages\/1457\/revisions"}],"predecessor-version":[{"id":1459,"href":"https:\/\/phoenix-rd.com\/es\/wp-json\/wp\/v2\/pages\/1457\/revisions\/1459"}],"wp:attachment":[{"href":"https:\/\/phoenix-rd.com\/es\/wp-json\/wp\/v2\/media?parent=1457"}],"curies":[{"name":"wp","href":"https:\/\/api.w.org\/{rel}","templated":true}]}}