{"id":1454,"date":"2023-10-24T12:28:50","date_gmt":"2023-10-24T10:28:50","guid":{"rendered":"https:\/\/phoenix-rd.com\/dosy-2010-codigo-8021\/"},"modified":"2025-08-27T11:33:34","modified_gmt":"2025-08-27T09:33:34","slug":"dosy-2010-codigo-8021","status":"publish","type":"page","link":"https:\/\/phoenix-rd.com\/es\/dosy-2010-codigo-8021\/","title":{"rendered":"DOSY 2010 C\u00d3DIGO 8021"},"content":{"rendered":"<p>[et_pb_section fb_built=\u00bb1&#8243; admin_label=\u00bbHeader\u00bb _builder_version=\u00bb4.23&#8243; _module_preset=\u00bbdefault\u00bb use_background_color_gradient=\u00bbon\u00bb background_color_gradient_stops=\u00bbrgba(0,0,0,0.4) 0%|rgba(0,0,0,0.4) 100%\u00bb background_color_gradient_overlays_image=\u00bbon\u00bb background_image=\u00bbhttps:\/\/phoenix-rd.com\/wp-content\/uploads\/2023\/10\/IV-flow-regulator-dosy2010-8021.jpg\u00bb background_position=\u00bbtop_center\u00bb background_vertical_offset=\u00bb34%\u00bb custom_margin=\u00bb||5px|||\u00bb custom_padding=\u00bb0vw||0vw||true|false\u00bb locked=\u00bboff\u00bb collapsed=\u00bbon\u00bb global_colors_info=\u00bb{}\u00bb][et_pb_row _builder_version=\u00bb4.22.1&#8243; _module_preset=\u00bbdefault\u00bb max_width=\u00bb600px\u00bb global_colors_info=\u00bb{}\u00bb][et_pb_column type=\u00bb4_4&#8243; _builder_version=\u00bb4.21.0&#8243; _module_preset=\u00bbdefault\u00bb global_colors_info=\u00bb{}\u00bb][et_pb_text _builder_version=\u00bb4.22.2&#8243; _module_preset=\u00bb67516f98-9ff3-427a-b53f-ab5ccaf2a519&#8243; text_font=\u00bbMontserrat||||||||\u00bb header_text_color=\u00bb#FFFFFF\u00bb text_orientation=\u00bbcenter\u00bb width=\u00bb100%\u00bb custom_margin=\u00bb||10px||false|false\u00bb custom_padding=\u00bb|0px||0px||\u00bb inline_fonts=\u00bbMontserrat\u00bb global_colors_info=\u00bb{}\u00bb]<\/p>\n<h1><span style=\"font-family: Montserrat;\">REGULADOR DE FLUJO<\/span><\/h1>\n<h1><span style=\"font-family: Montserrat; font-weight: normal; color: #ffffff; font-size: xx-large;\">DOSY 2010 C\u00d3DIGO 8021<\/span><\/h1>\n<p>[\/et_pb_text][\/et_pb_column][\/et_pb_row][\/et_pb_section][et_pb_section fb_built=\u00bb1&#8243; fullwidth=\u00bbon\u00bb _builder_version=\u00bb4.23.1&#8243; _module_preset=\u00bbdefault\u00bb background_color=\u00bb#741212&#8243; global_colors_info=\u00bb{}\u00bb][et_pb_fullwidth_code _builder_version=\u00bb4.23.1&#8243; _module_preset=\u00bbdefault\u00bb global_colors_info=\u00bb{}\u00bb]<video autoplay=\"\" muted=\"\" loop=\"\" width=\"100%\"><!-- [et_pb_line_break_holder] --><source src=\"https:\/\/phoenix-rd.com\/wp-content\/uploads\/2024\/01\/IV-Flow-Regulator-Dosy-2010-Code-8021-.mp4\" type=\"video\/mp4\"><!-- [et_pb_line_break_holder] -->Your browser does not support the video tag.<!-- [et_pb_line_break_holder] --><\/source><\/video>[\/et_pb_fullwidth_code][\/et_pb_section][et_pb_section fb_built=\u00bb1&#8243; _builder_version=\u00bb4.23.1&#8243; _module_preset=\u00bbdefault\u00bb background_enable_video_mp4=\u00bboff\u00bb custom_padding=\u00bb53px|||||\u00bb global_colors_info=\u00bb{}\u00bb][et_pb_row _builder_version=\u00bb4.23.1&#8243; _module_preset=\u00bbdefault\u00bb width=\u00bb100%\u00bb global_colors_info=\u00bb{}\u00bb][et_pb_column type=\u00bb4_4&#8243; _builder_version=\u00bb4.23.1&#8243; _module_preset=\u00bbdefault\u00bb global_colors_info=\u00bb{}\u00bb][et_pb_button button_url=\u00bbhttps:\/\/phoenix-rd.com\/es\/productos\/\u00bb button_text=\u00bbTodos los productos\u00bb button_alignment=\u00bbcenter\u00bb _builder_version=\u00bb4.23.1&#8243; _module_preset=\u00bbdefault\u00bb custom_button=\u00bbon\u00bb button_text_color=\u00bb#FFFFFF\u00bb button_bg_color=\u00bb#176fc1&#8243; locked=\u00bboff\u00bb global_colors_info=\u00bb{}\u00bb][\/et_pb_button][\/et_pb_column][\/et_pb_row][et_pb_row column_structure=\u00bb1_2,1_2&#8243; _builder_version=\u00bb4.22.1&#8243; _module_preset=\u00bbdefault\u00bb custom_padding=\u00bb0px||0px|||\u00bb global_colors_info=\u00bb{}\u00bb][et_pb_column type=\u00bb1_2&#8243; _builder_version=\u00bb4.22.1&#8243; _module_preset=\u00bbdefault\u00bb global_colors_info=\u00bb{}\u00bb][et_pb_text content_last_edited=\u00bboff|desktop\u00bb _builder_version=\u00bb4.23.1&#8243; _module_preset=\u00bb81a176a8-1000-4ee3-a24a-df7370b5f1fe\u00bb width=\u00bb100%\u00bb max_width=\u00bb100%\u00bb module_alignment=\u00bbleft\u00bb custom_margin=\u00bb||109px|||\u00bb custom_padding=\u00bb16.7%||||false|false\u00bb inline_fonts=\u00bbMontserrat\u00bb global_colors_info=\u00bb{}\u00bb]<\/p>\n<p style=\"text-align: left;\"><span style=\"font-family: Montserrat;\"><strong>Aplicaci\u00f3n<\/strong><\/span><br \/>Regulaci\u00f3n de la entrega del flujo en suministraciones intravenosas, solamente por gravedad.<\/p>\n<p style=\"text-align: left;\"><span style=\"font-family: Montserrat;\"><strong>Caracter\u00edsticas principales<\/strong><\/span><br \/>Un regulador de rendimiento superior<\/p>\n<p>[\/et_pb_text][\/et_pb_column][et_pb_column type=\u00bb1_2&#8243; _builder_version=\u00bb4.22.1&#8243; _module_preset=\u00bbdefault\u00bb global_colors_info=\u00bb{}\u00bb][et_pb_image src=\u00bbhttps:\/\/phoenix-rd.com\/wp-content\/uploads\/2023\/09\/Flow-regulator-Dosy-2010-code-8021.png\u00bb alt=\u00bbFlow-regulator-Dosy 2010-code-8021&#8243; title_text=\u00bbFlow-regulator-Dosy 2010-code-8021&#8243; show_in_lightbox=\u00bbon\u00bb show_bottom_space=\u00bboff\u00bb _builder_version=\u00bb4.23.1&#8243; _module_preset=\u00bbdefault\u00bb width=\u00bb70%\u00bb max_width=\u00bb67%\u00bb module_alignment=\u00bbcenter\u00bb custom_margin=\u00bb|||-126px||\u00bb global_colors_info=\u00bb{}\u00bb][\/et_pb_image][\/et_pb_column][\/et_pb_row][\/et_pb_section][et_pb_section fb_built=\u00bb1&#8243; _builder_version=\u00bb4.22.2&#8243; _module_preset=\u00bbdefault\u00bb background_color=\u00bb#176fc1&#8243; global_colors_info=\u00bb{}\u00bb][et_pb_row column_structure=\u00bb1_4,1_4,1_4,1_4&#8243; _builder_version=\u00bb4.22.2&#8243; _module_preset=\u00bbdefault\u00bb global_colors_info=\u00bb{}\u00bb][et_pb_column type=\u00bb1_4&#8243; _builder_version=\u00bb4.22.2&#8243; _module_preset=\u00bbdefault\u00bb global_colors_info=\u00bb{}\u00bb][et_pb_icon font_icon=\u00bb&#xf769;||fa||900&#8243; icon_color=\u00bb#FFFFFF\u00bb _builder_version=\u00bb4.22.2&#8243; _module_preset=\u00bbdefault\u00bb background_enable_color=\u00bboff\u00bb locked=\u00bboff\u00bb global_colors_info=\u00bb{}\u00bb][\/et_pb_icon][et_pb_text _builder_version=\u00bb4.22.2&#8243; _module_preset=\u00bbdefault\u00bb text_text_color=\u00bb#FFFFFF\u00bb global_colors_info=\u00bb{}\u00bb]<\/p>\n<p><strong>Realizado con materiales resistentes a las altas temperaturas<\/strong><br \/>Temperatura m\u00e1xima de esterilizaci\u00f3n 60\u00b0C<br \/>Duraci\u00f3n: 5 a\u00f1os<\/p>\n<p>[\/et_pb_text][\/et_pb_column][et_pb_column type=\u00bb1_4&#8243; _builder_version=\u00bb4.22.2&#8243; _module_preset=\u00bbdefault\u00bb global_colors_info=\u00bb{}\u00bb][et_pb_icon font_icon=\u00bb&#xf72e;||fa||900&#8243; icon_color=\u00bb#FFFFFF\u00bb _builder_version=\u00bb4.23.1&#8243; _module_preset=\u00bbdefault\u00bb background_enable_color=\u00bboff\u00bb global_colors_info=\u00bb{}\u00bb][\/et_pb_icon][et_pb_text _builder_version=\u00bb4.23.1&#8243; _module_preset=\u00bbdefault\u00bb text_text_color=\u00bb#FFFFFF\u00bb global_colors_info=\u00bb{}\u00bb]<\/p>\n<p><strong>Flujo turbulento<\/strong><br \/>El Dosy 2010 es un regulador de flujo diferente. No est\u00e1 basado en un canal estrecho sino en una cavidad con abertura variable. Esto provoca el flujo turbulento, que es m\u00e1s estable contra las interferencias exteriores comparado con el flujo laminar de los reguladores convencionales.<\/p>\n<p>[\/et_pb_text][\/et_pb_column][et_pb_column type=\u00bb1_4&#8243; _builder_version=\u00bb4.22.2&#8243; _module_preset=\u00bbdefault\u00bb global_colors_info=\u00bb{}\u00bb][et_pb_icon font_icon=\u00bb&#xf05b;||fa||900&#8243; icon_color=\u00bb#FFFFFF\u00bb _builder_version=\u00bb4.22.2&#8243; _module_preset=\u00bbdefault\u00bb background_enable_color=\u00bboff\u00bb locked=\u00bboff\u00bb global_colors_info=\u00bb{}\u00bb][\/et_pb_icon][et_pb_text _builder_version=\u00bb4.22.2&#8243; _module_preset=\u00bbdefault\u00bb text_text_color=\u00bb#FFFFFF\u00bb locked=\u00bboff\u00bb global_colors_info=\u00bb{}\u00bb]<\/p>\n<p><strong>Baja desviaci\u00f3n del est\u00e1ndar, Alta precisi\u00f3n<\/strong><br \/>La precisi\u00f3n del sistema y las soluciones adoptadas aseguran una alta uniformidad de entrega.<\/p>\n<p>[\/et_pb_text][\/et_pb_column][et_pb_column type=\u00bb1_4&#8243; _builder_version=\u00bb4.23.1&#8243; _module_preset=\u00bbdefault\u00bb global_colors_info=\u00bb{}\u00bb][et_pb_icon font_icon=\u00bb&#x37;||divi||400&#8243; icon_color=\u00bb#FFFFFF\u00bb _builder_version=\u00bb4.23.1&#8243; _module_preset=\u00bbdefault\u00bb background_enable_color=\u00bboff\u00bb global_colors_info=\u00bb{}\u00bb][\/et_pb_icon][et_pb_text _builder_version=\u00bb4.23.1&#8243; _module_preset=\u00bbdefault\u00bb text_text_color=\u00bb#FFFFFF\u00bb global_colors_info=\u00bb{}\u00bb]<\/p>\n<p><strong>Reducida sensibilidad a factores exteriores, como:<\/strong><br \/>&#8211; viscosidad de la soluci\u00f3n<br \/>&#8211; temperatura<br \/>&#8211; cabezal hidr\u00e1ulico\/presi\u00f3n<\/p>\n<p>[\/et_pb_text][\/et_pb_column][\/et_pb_row][\/et_pb_section][et_pb_section fb_built=\u00bb1&#8243; _builder_version=\u00bb4.22.2&#8243; _module_preset=\u00bbdefault\u00bb min_height=\u00bb1253.3px\u00bb custom_margin=\u00bb||||true|false\u00bb custom_padding=\u00bb||||false|false\u00bb global_colors_info=\u00bb{}\u00bb][et_pb_row column_structure=\u00bb1_2,1_2&#8243; use_custom_gutter=\u00bbon\u00bb gutter_width=\u00bb1&#8243; make_equal=\u00bbon\u00bb admin_label=\u00bbBest Beans Row\u00bb module_class=\u00bb et_pb_row_fullwidth\u00bb _builder_version=\u00bb4.22.2&#8243; _module_preset=\u00bbdefault\u00bb width=\u00bb100%\u00bb max_width=\u00bbnone\u00bb min_height=\u00bb504.4px\u00bb custom_margin=\u00bb-10px|auto|-10px|auto|true|false\u00bb custom_padding=\u00bb0px||0px||false|false\u00bb make_fullwidth=\u00bbon\u00bb global_colors_info=\u00bb{}\u00bb][et_pb_column type=\u00bb1_2&#8243; _builder_version=\u00bb4.22.1&#8243; _module_preset=\u00bbdefault\u00bb background_enable_image=\u00bboff\u00bb custom_padding=\u00bb8%|8%|8%|8%|true|true\u00bb global_colors_info=\u00bb{}\u00bb custom_padding__hover=\u00bb|||\u00bb][et_pb_gallery gallery_ids=\u00bb68,69&#8243; _builder_version=\u00bb4.22.1&#8243; _module_preset=\u00bbdefault\u00bb custom_padding=\u00bb0px|||||\u00bb global_colors_info=\u00bb{}\u00bb][\/et_pb_gallery][et_pb_gallery gallery_ids=\u00bb2094,2097&#8243; _builder_version=\u00bb4.27.4&#8243; _module_preset=\u00bbdefault\u00bb link_option_url=\u00bbhttps:\/\/phoenix-rd.com\/wp-content\/uploads\/2025\/05\/Leaflet_Dosy_2010.pdf\u00bb hover_enabled=\u00bb0&#8243; global_colors_info=\u00bb{}\u00bb sticky_enabled=\u00bb0&#8243;][\/et_pb_gallery][\/et_pb_column][et_pb_column type=\u00bb1_2&#8243; _builder_version=\u00bb4.22.1&#8243; _module_preset=\u00bbdefault\u00bb background_enable_image=\u00bboff\u00bb custom_padding=\u00bb8%|8%|8%|8%|true|true\u00bb global_colors_info=\u00bb{}\u00bb custom_padding__hover=\u00bb|||\u00bb][et_pb_button button_url=\u00bbhttps:\/\/phoenix-rd.com\/wp-content\/uploads\/2025\/08\/Leaflet_Dosy-2010-8021-Phoenix_RD-2025.pdf\u00bb url_new_window=\u00bbon\u00bb button_text=\u00bbDosy 2010 c\u00f3digo 8021 ficha t\u00e9cnica\u00bb button_alignment=\u00bbcenter\u00bb _builder_version=\u00bb4.27.4&#8243; _module_preset=\u00bbdefault\u00bb custom_button=\u00bbon\u00bb button_text_size=\u00bb20px\u00bb button_text_color=\u00bb#FFFFFF\u00bb button_bg_color=\u00bb#176fc1&#8243; hover_enabled=\u00bb0&#8243; global_colors_info=\u00bb{}\u00bb sticky_enabled=\u00bb0&#8243;][\/et_pb_button][et_pb_button button_url=\u00bbhttps:\/\/phoenix-rd.com\/es\/productos\/\u00bb button_text=\u00bbTodos los productos\u00bb button_alignment=\u00bbcenter\u00bb _builder_version=\u00bb4.23.1&#8243; _module_preset=\u00bbdefault\u00bb custom_button=\u00bbon\u00bb button_text_color=\u00bb#FFFFFF\u00bb button_bg_color=\u00bb#176fc1&#8243; global_colors_info=\u00bb{}\u00bb][\/et_pb_button][\/et_pb_column][\/et_pb_row][\/et_pb_section]<\/p>\n","protected":false},"excerpt":{"rendered":"<p>REGULADOR DE FLUJO DOSY 2010 C\u00d3DIGO 8021Aplicaci\u00f3nRegulaci\u00f3n de la entrega del flujo en suministraciones intravenosas, solamente por gravedad. Caracter\u00edsticas principalesUn regulador de rendimiento superiorRealizado con materiales resistentes a las altas temperaturasTemperatura m\u00e1xima de esterilizaci\u00f3n 60\u00b0CDuraci\u00f3n: 5 a\u00f1osFlujo turbulentoEl Dosy 2010 es un regulador de flujo diferente. No est\u00e1 basado en un canal estrecho sino en [&hellip;]<\/p>\n","protected":false},"author":1,"featured_media":0,"parent":0,"menu_order":0,"comment_status":"closed","ping_status":"closed","template":"","meta":{"_et_pb_use_builder":"on","_et_pb_old_content":"","_et_gb_content_width":"","_monsterinsights_skip_tracking":false,"_monsterinsights_sitenote_active":false,"_monsterinsights_sitenote_note":"","_monsterinsights_sitenote_category":0,"iawp_total_views":1,"footnotes":""},"class_list":["post-1454","page","type-page","status-publish","hentry"],"yoast_head":"<!-- This site is optimized with the Yoast SEO plugin v27.3 - https:\/\/yoast.com\/product\/yoast-seo-wordpress\/ -->\n<title>DOSY 2010 C\u00d3DIGO 8021 - Phoenix R. &amp; D. Srl - Flow Regulation<\/title>\n<meta name=\"robots\" content=\"index, follow, max-snippet:-1, max-image-preview:large, max-video-preview:-1\" \/>\n<link rel=\"canonical\" href=\"https:\/\/phoenix-rd.com\/es\/dosy-2010-codigo-8021\/\" \/>\n<meta property=\"og:locale\" content=\"es_ES\" \/>\n<meta property=\"og:type\" content=\"article\" \/>\n<meta property=\"og:title\" content=\"DOSY 2010 C\u00d3DIGO 8021 - Phoenix R. &amp; D. Srl - Flow Regulation\" \/>\n<meta property=\"og:description\" content=\"REGULADOR DE FLUJO DOSY 2010 C\u00d3DIGO 8021Aplicaci\u00f3nRegulaci\u00f3n de la entrega del flujo en suministraciones intravenosas, solamente por gravedad. Caracter\u00edsticas principalesUn regulador de rendimiento superiorRealizado con materiales resistentes a las altas temperaturasTemperatura m\u00e1xima de esterilizaci\u00f3n 60\u00b0CDuraci\u00f3n: 5 a\u00f1osFlujo turbulentoEl Dosy 2010 es un regulador de flujo diferente. No est\u00e1 basado en un canal estrecho sino en [&hellip;]\" \/>\n<meta property=\"og:url\" content=\"https:\/\/phoenix-rd.com\/es\/dosy-2010-codigo-8021\/\" \/>\n<meta property=\"og:site_name\" content=\"Phoenix R. &amp; D. Srl - Flow Regulation\" \/>\n<meta property=\"article:modified_time\" content=\"2025-08-27T09:33:34+00:00\" \/>\n<meta name=\"twitter:card\" content=\"summary_large_image\" \/>\n<meta name=\"twitter:label1\" content=\"Tiempo de lectura\" \/>\n\t<meta name=\"twitter:data1\" content=\"6 minutos\" \/>\n<script type=\"application\/ld+json\" class=\"yoast-schema-graph\">{\"@context\":\"https:\\\/\\\/schema.org\",\"@graph\":[{\"@type\":\"WebPage\",\"@id\":\"https:\\\/\\\/phoenix-rd.com\\\/es\\\/dosy-2010-codigo-8021\\\/\",\"url\":\"https:\\\/\\\/phoenix-rd.com\\\/es\\\/dosy-2010-codigo-8021\\\/\",\"name\":\"DOSY 2010 C\u00d3DIGO 8021 - Phoenix R. &amp; D. Srl - Flow Regulation\",\"isPartOf\":{\"@id\":\"https:\\\/\\\/phoenix-rd.com\\\/es\\\/#website\"},\"datePublished\":\"2023-10-24T10:28:50+00:00\",\"dateModified\":\"2025-08-27T09:33:34+00:00\",\"breadcrumb\":{\"@id\":\"https:\\\/\\\/phoenix-rd.com\\\/es\\\/dosy-2010-codigo-8021\\\/#breadcrumb\"},\"inLanguage\":\"es\",\"potentialAction\":[{\"@type\":\"ReadAction\",\"target\":[\"https:\\\/\\\/phoenix-rd.com\\\/es\\\/dosy-2010-codigo-8021\\\/\"]}]},{\"@type\":\"BreadcrumbList\",\"@id\":\"https:\\\/\\\/phoenix-rd.com\\\/es\\\/dosy-2010-codigo-8021\\\/#breadcrumb\",\"itemListElement\":[{\"@type\":\"ListItem\",\"position\":1,\"name\":\"Home\",\"item\":\"https:\\\/\\\/phoenix-rd.com\\\/es\\\/regulador-de-flujo-phoenix-r-d\\\/\"},{\"@type\":\"ListItem\",\"position\":2,\"name\":\"DOSY 2010 C\u00d3DIGO 8021\"}]},{\"@type\":\"WebSite\",\"@id\":\"https:\\\/\\\/phoenix-rd.com\\\/es\\\/#website\",\"url\":\"https:\\\/\\\/phoenix-rd.com\\\/es\\\/\",\"name\":\"Phoenix R. &amp; D. Srl - Flow Regulation\",\"description\":\"Phoenix R&amp;D Phoenix R&amp;D is focused on IV Flow Regulation components - creating, researching and producing innovations.\",\"potentialAction\":[{\"@type\":\"SearchAction\",\"target\":{\"@type\":\"EntryPoint\",\"urlTemplate\":\"https:\\\/\\\/phoenix-rd.com\\\/es\\\/?s={search_term_string}\"},\"query-input\":{\"@type\":\"PropertyValueSpecification\",\"valueRequired\":true,\"valueName\":\"search_term_string\"}}],\"inLanguage\":\"es\"}]}<\/script>\n<!-- \/ Yoast SEO plugin. -->","yoast_head_json":{"title":"DOSY 2010 C\u00d3DIGO 8021 - Phoenix R. &amp; D. Srl - Flow Regulation","robots":{"index":"index","follow":"follow","max-snippet":"max-snippet:-1","max-image-preview":"max-image-preview:large","max-video-preview":"max-video-preview:-1"},"canonical":"https:\/\/phoenix-rd.com\/es\/dosy-2010-codigo-8021\/","og_locale":"es_ES","og_type":"article","og_title":"DOSY 2010 C\u00d3DIGO 8021 - Phoenix R. &amp; D. Srl - Flow Regulation","og_description":"REGULADOR DE FLUJO DOSY 2010 C\u00d3DIGO 8021Aplicaci\u00f3nRegulaci\u00f3n de la entrega del flujo en suministraciones intravenosas, solamente por gravedad. Caracter\u00edsticas principalesUn regulador de rendimiento superiorRealizado con materiales resistentes a las altas temperaturasTemperatura m\u00e1xima de esterilizaci\u00f3n 60\u00b0CDuraci\u00f3n: 5 a\u00f1osFlujo turbulentoEl Dosy 2010 es un regulador de flujo diferente. No est\u00e1 basado en un canal estrecho sino en [&hellip;]","og_url":"https:\/\/phoenix-rd.com\/es\/dosy-2010-codigo-8021\/","og_site_name":"Phoenix R. &amp; D. Srl - Flow Regulation","article_modified_time":"2025-08-27T09:33:34+00:00","twitter_card":"summary_large_image","twitter_misc":{"Tiempo de lectura":"6 minutos"},"schema":{"@context":"https:\/\/schema.org","@graph":[{"@type":"WebPage","@id":"https:\/\/phoenix-rd.com\/es\/dosy-2010-codigo-8021\/","url":"https:\/\/phoenix-rd.com\/es\/dosy-2010-codigo-8021\/","name":"DOSY 2010 C\u00d3DIGO 8021 - Phoenix R. &amp; D. Srl - Flow Regulation","isPartOf":{"@id":"https:\/\/phoenix-rd.com\/es\/#website"},"datePublished":"2023-10-24T10:28:50+00:00","dateModified":"2025-08-27T09:33:34+00:00","breadcrumb":{"@id":"https:\/\/phoenix-rd.com\/es\/dosy-2010-codigo-8021\/#breadcrumb"},"inLanguage":"es","potentialAction":[{"@type":"ReadAction","target":["https:\/\/phoenix-rd.com\/es\/dosy-2010-codigo-8021\/"]}]},{"@type":"BreadcrumbList","@id":"https:\/\/phoenix-rd.com\/es\/dosy-2010-codigo-8021\/#breadcrumb","itemListElement":[{"@type":"ListItem","position":1,"name":"Home","item":"https:\/\/phoenix-rd.com\/es\/regulador-de-flujo-phoenix-r-d\/"},{"@type":"ListItem","position":2,"name":"DOSY 2010 C\u00d3DIGO 8021"}]},{"@type":"WebSite","@id":"https:\/\/phoenix-rd.com\/es\/#website","url":"https:\/\/phoenix-rd.com\/es\/","name":"Phoenix R. &amp; D. Srl - Flow Regulation","description":"Phoenix R&amp;D Phoenix R&amp;D is focused on IV Flow Regulation components - creating, researching and producing innovations.","potentialAction":[{"@type":"SearchAction","target":{"@type":"EntryPoint","urlTemplate":"https:\/\/phoenix-rd.com\/es\/?s={search_term_string}"},"query-input":{"@type":"PropertyValueSpecification","valueRequired":true,"valueName":"search_term_string"}}],"inLanguage":"es"}]}},"_links":{"self":[{"href":"https:\/\/phoenix-rd.com\/es\/wp-json\/wp\/v2\/pages\/1454","targetHints":{"allow":["GET"]}}],"collection":[{"href":"https:\/\/phoenix-rd.com\/es\/wp-json\/wp\/v2\/pages"}],"about":[{"href":"https:\/\/phoenix-rd.com\/es\/wp-json\/wp\/v2\/types\/page"}],"author":[{"embeddable":true,"href":"https:\/\/phoenix-rd.com\/es\/wp-json\/wp\/v2\/users\/1"}],"replies":[{"embeddable":true,"href":"https:\/\/phoenix-rd.com\/es\/wp-json\/wp\/v2\/comments?post=1454"}],"version-history":[{"count":8,"href":"https:\/\/phoenix-rd.com\/es\/wp-json\/wp\/v2\/pages\/1454\/revisions"}],"predecessor-version":[{"id":2106,"href":"https:\/\/phoenix-rd.com\/es\/wp-json\/wp\/v2\/pages\/1454\/revisions\/2106"}],"wp:attachment":[{"href":"https:\/\/phoenix-rd.com\/es\/wp-json\/wp\/v2\/media?parent=1454"}],"curies":[{"name":"wp","href":"https:\/\/api.w.org\/{rel}","templated":true}]}}