{"id":1451,"date":"2023-11-08T16:30:30","date_gmt":"2023-11-08T15:30:30","guid":{"rendered":"https:\/\/phoenix-rd.com\/dosy-2007-con-proteccion-del-flujo-libre\/"},"modified":"2024-11-11T09:35:16","modified_gmt":"2024-11-11T08:35:16","slug":"dosy-2007-con-proteccion-del-flujo-libre","status":"publish","type":"page","link":"https:\/\/phoenix-rd.com\/es\/dosy-2007-con-proteccion-del-flujo-libre\/","title":{"rendered":"DOSY 2007 CON PROTECCI\u00d3N DEL FLUJO LIBRE"},"content":{"rendered":"<p>[et_pb_section fb_built=\u00bb1&#8243; admin_label=\u00bbHeader\u00bb _builder_version=\u00bb4.23.1&#8243; _module_preset=\u00bbdefault\u00bb use_background_color_gradient=\u00bbon\u00bb background_color_gradient_stops=\u00bbrgba(0,0,0,0.4) 0%|rgba(0,0,0,0.4) 100%\u00bb background_color_gradient_overlays_image=\u00bbon\u00bb background_image=\u00bbhttps:\/\/phoenix-rd.com\/wp-content\/uploads\/2023\/11\/IV-flow-regulator-dosy2007-with-free-flow-protection.jpg\u00bb background_position=\u00bbtop_center\u00bb background_vertical_offset=\u00bb30%\u00bb custom_margin=\u00bb||5px|||\u00bb custom_padding=\u00bb0vw||0vw||true|false\u00bb locked=\u00bboff\u00bb collapsed=\u00bbon\u00bb global_colors_info=\u00bb{}\u00bb][et_pb_row _builder_version=\u00bb4.22.1&#8243; _module_preset=\u00bbdefault\u00bb max_width=\u00bb600px\u00bb global_colors_info=\u00bb{}\u00bb][et_pb_column type=\u00bb4_4&#8243; _builder_version=\u00bb4.21.0&#8243; _module_preset=\u00bbdefault\u00bb global_colors_info=\u00bb{}\u00bb][et_pb_text _builder_version=\u00bb4.22.2&#8243; _module_preset=\u00bb67516f98-9ff3-427a-b53f-ab5ccaf2a519&#8243; text_font=\u00bbMontserrat||||||||\u00bb header_text_color=\u00bb#FFFFFF\u00bb text_orientation=\u00bbcenter\u00bb width=\u00bb100%\u00bb custom_margin=\u00bb||10px||false|false\u00bb custom_padding=\u00bb|0px||0px||\u00bb inline_fonts=\u00bbMontserrat\u00bb global_colors_info=\u00bb{}\u00bb]<\/p>\n<h1><span style=\"font-family: Montserrat;\">REGULADOR DE FLUJO<\/span><\/h1>\n<h1><span style=\"font-family: Montserrat; font-weight: normal; color: #ffffff; font-size: xx-large;\">DOSY 2007 CON PROTECCI\u00d3N DEL FLUJO LIBRE<\/span><\/h1>\n<p>[\/et_pb_text][\/et_pb_column][\/et_pb_row][\/et_pb_section][et_pb_section fb_built=\u00bb1&#8243; fullwidth=\u00bbon\u00bb theme_builder_area=\u00bbpost_content\u00bb _builder_version=\u00bb4.23.1&#8243; _module_preset=\u00bbdefault\u00bb background_color=\u00bb#2c557a\u00bb hover_enabled=\u00bb0&#8243; sticky_enabled=\u00bb0&#8243;][et_pb_fullwidth_code _builder_version=\u00bb4.23.1&#8243; _module_preset=\u00bbdefault\u00bb theme_builder_area=\u00bbpost_content\u00bb hover_enabled=\u00bb0&#8243; sticky_enabled=\u00bb0&#8243;]<video autoplay=\"\" muted=\"\" loop=\"\" width=\"100%\"><!-- [et_pb_line_break_holder] --><source src=\"https:\/\/phoenix-rd.com\/wp-content\/uploads\/2024\/01\/IV-Flow-Regulator-Dosy-2007-free-flow-stopper.mp4\"><!-- [et_pb_line_break_holder] -->Your browser does not support the video tag.<!-- [et_pb_line_break_holder] --><\/source><\/video>[\/et_pb_fullwidth_code][\/et_pb_section][et_pb_section fb_built=\u00bb1&#8243; _builder_version=\u00bb4.22.1&#8243; _module_preset=\u00bbdefault\u00bb custom_padding=\u00bb||0px|||\u00bb global_colors_info=\u00bb{}\u00bb][et_pb_row column_structure=\u00bb1_2,1_2&#8243; _builder_version=\u00bb4.23.1&#8243; _module_preset=\u00bbdefault\u00bb custom_padding=\u00bb0px||0px||false|false\u00bb global_colors_info=\u00bb{}\u00bb][et_pb_column type=\u00bb1_2&#8243; _builder_version=\u00bb4.22.1&#8243; _module_preset=\u00bbdefault\u00bb global_colors_info=\u00bb{}\u00bb][et_pb_text content_last_edited=\u00bboff|desktop\u00bb _builder_version=\u00bb4.23.1&#8243; _module_preset=\u00bb81a176a8-1000-4ee3-a24a-df7370b5f1fe\u00bb width=\u00bb100%\u00bb max_width=\u00bb100%\u00bb module_alignment=\u00bbleft\u00bb custom_padding=\u00bb26.8%||125px||false|false\u00bb inline_fonts=\u00bbMontserrat\u00bb global_colors_info=\u00bb{}\u00bb]<\/p>\n<p><strong>Aplicaci\u00f3n<\/strong><br \/>Regulaci\u00f3n de la entrega del flujo en suministraciones intravenosas, solamente por gravedad.<\/p>\n<p><strong>Caracter\u00edsticas principales<\/strong><br \/>Un regulador innovador con protecci\u00f3n especial para evitar el riesgo de flujo libre.<\/p>\n<p>[\/et_pb_text][\/et_pb_column][et_pb_column type=\u00bb1_2&#8243; _builder_version=\u00bb4.22.1&#8243; _module_preset=\u00bbdefault\u00bb global_colors_info=\u00bb{}\u00bb][et_pb_image src=\u00bbhttps:\/\/phoenix-rd.com\/wp-content\/uploads\/2023\/09\/safety-regulator-Dosy-2007-code-8011.png\u00bb alt=\u00bbsafety-regulator-Dosy 2007-with-free-flow-protection\u00bb title_text=\u00bbsafety-regulator-Dosy 2007-with-free-flow-protection\u00bb show_in_lightbox=\u00bbon\u00bb show_bottom_space=\u00bboff\u00bb align=\u00bbright\u00bb _builder_version=\u00bb4.23.1&#8243; _module_preset=\u00bbdefault\u00bb width=\u00bb70%\u00bb module_alignment=\u00bbright\u00bb global_colors_info=\u00bb{}\u00bb][\/et_pb_image][\/et_pb_column][\/et_pb_row][\/et_pb_section][et_pb_section fb_built=\u00bb1&#8243; _builder_version=\u00bb4.22.2&#8243; _module_preset=\u00bbdefault\u00bb background_color=\u00bb#176fc1&#8243; min_height=\u00bb838.2px\u00bb custom_margin=\u00bb115px|||||\u00bb global_colors_info=\u00bb{}\u00bb][et_pb_row column_structure=\u00bb1_5,1_5,1_5,1_5,1_5&#8243; _builder_version=\u00bb4.22.2&#8243; _module_preset=\u00bbdefault\u00bb global_colors_info=\u00bb{}\u00bb][et_pb_column type=\u00bb1_5&#8243; _builder_version=\u00bb4.22.2&#8243; _module_preset=\u00bbdefault\u00bb global_colors_info=\u00bb{}\u00bb][et_pb_icon font_icon=\u00bb&#xf769;||fa||900&#8243; icon_color=\u00bb#FFFFFF\u00bb _builder_version=\u00bb4.22.2&#8243; _module_preset=\u00bbdefault\u00bb background_enable_color=\u00bboff\u00bb locked=\u00bboff\u00bb global_colors_info=\u00bb{}\u00bb][\/et_pb_icon][et_pb_text _builder_version=\u00bb4.22.2&#8243; _module_preset=\u00bbdefault\u00bb text_text_color=\u00bb#FFFFFF\u00bb global_colors_info=\u00bb{}\u00bb]<\/p>\n<p><strong>ABS resistente a las altas temperaturas<\/strong><br \/>Temperatura m\u00e1xima de esterilizaci\u00f3n 60\u00b0C<br \/>Duraci\u00f3n: 5 a\u00f1os<\/p>\n<p>[\/et_pb_text][\/et_pb_column][et_pb_column type=\u00bb1_5&#8243; _builder_version=\u00bb4.22.2&#8243; _module_preset=\u00bbdefault\u00bb global_colors_info=\u00bb{}\u00bb][et_pb_image src=\u00bbhttps:\/\/phoenix-rd.com\/wp-content\/uploads\/2023\/10\/gasket-IV_flow-regulator.jpg.png\u00bb alt=\u00bbgasket-flow-regulator\u00bb title_text=\u00bbgasket-IV_flow-regulator.jpg\u00bb align=\u00bbcenter\u00bb _builder_version=\u00bb4.23.1&#8243; _module_preset=\u00bbdefault\u00bb max_width=\u00bb96px\u00bb min_height=\u00bb60%\u00bb custom_padding=\u00bb||||false|false\u00bb global_colors_info=\u00bb{}\u00bb][\/et_pb_image][et_pb_text _builder_version=\u00bb4.22.2&#8243; _module_preset=\u00bbdefault\u00bb text_text_color=\u00bb#FFFFFF\u00bb global_colors_info=\u00bb{}\u00bb]<\/p>\n<p><strong>Junta en silicona transparente LSR<\/strong><br \/>La silicona es el material mejor porque une caracter\u00edsticas mec\u00e1nicas excepcionales, perfecta biocompatibilidad y ausencia de interferencia con los f\u00e1rmacos.<\/p>\n<p>[\/et_pb_text][\/et_pb_column][et_pb_column type=\u00bb1_5&#8243; _builder_version=\u00bb4.22.2&#8243; _module_preset=\u00bbdefault\u00bb global_colors_info=\u00bb{}\u00bb][et_pb_image src=\u00bbhttps:\/\/phoenix-rd.com\/wp-content\/uploads\/2023\/10\/microchannel-IV-flow-regulator.jpg\u00bb alt=\u00bbmicrochannel-IV-flow-regulator\u00bb title_text=\u00bbmicrochannel-IV-flow-regulator\u00bb _builder_version=\u00bb4.23.1&#8243; _module_preset=\u00bbdefault\u00bb max_width=\u00bb96px\u00bb module_alignment=\u00bbcenter\u00bb custom_padding=\u00bb28px||28px||false|false\u00bb global_colors_info=\u00bb{}\u00bb][\/et_pb_image][et_pb_text _builder_version=\u00bb4.23.1&#8243; _module_preset=\u00bbdefault\u00bb text_text_color=\u00bb#FFFFFF\u00bb global_colors_info=\u00bb{}\u00bb]<\/p>\n<p><strong>Microcanal patentado<\/strong><br \/>El canal de distribuci\u00f3n est\u00e1 proyectado de una forma particular para que la entrega del fluido sea m\u00e1s exacta, especialmente con flujos bajos.<\/p>\n<p>[\/et_pb_text][\/et_pb_column][et_pb_column type=\u00bb1_5&#8243; _builder_version=\u00bb4.22.2&#8243; _module_preset=\u00bbdefault\u00bb global_colors_info=\u00bb{}\u00bb][et_pb_icon font_icon=\u00bb&#xf05b;||fa||900&#8243; icon_color=\u00bb#FFFFFF\u00bb _builder_version=\u00bb4.22.2&#8243; _module_preset=\u00bbdefault\u00bb background_enable_color=\u00bboff\u00bb locked=\u00bboff\u00bb global_colors_info=\u00bb{}\u00bb][\/et_pb_icon][et_pb_text _builder_version=\u00bb4.22.2&#8243; _module_preset=\u00bbdefault\u00bb text_text_color=\u00bb#FFFFFF\u00bb locked=\u00bboff\u00bb global_colors_info=\u00bb{}\u00bb]<\/p>\n<p><strong>Baja desviaci\u00f3n del est\u00e1ndar, Alta precisi\u00f3n<\/strong><br \/>La precisi\u00f3n del sistema y las soluciones adoptadas aseguran una alta uniformidad de entrega.<\/p>\n<p>[\/et_pb_text][\/et_pb_column][et_pb_column type=\u00bb1_5&#8243; _builder_version=\u00bb4.22.2&#8243; _module_preset=\u00bbdefault\u00bb global_colors_info=\u00bb{}\u00bb][et_pb_icon font_icon=\u00bb&#xe02d;||divi||400&#8243; icon_color=\u00bb#FFFFFF\u00bb _builder_version=\u00bb4.22.2&#8243; _module_preset=\u00bbdefault\u00bb background_enable_color=\u00bboff\u00bb global_colors_info=\u00bb{}\u00bb][\/et_pb_icon][et_pb_text _builder_version=\u00bb4.22.2&#8243; _module_preset=\u00bbdefault\u00bb text_text_color=\u00bb#FFFFFF\u00bb global_colors_info=\u00bb{}\u00bb]<\/p>\n<p><strong>Regulaci\u00f3n f\u00e1cil y fluida<\/strong><br \/>La junta en silicona est\u00e1 caracterizada por un coeficiente de fricci\u00f3n bajo, lo que permite una rotaci\u00f3n fluida del regulador.<\/p>\n<p>[\/et_pb_text][\/et_pb_column][\/et_pb_row][\/et_pb_section][et_pb_section fb_built=\u00bb1&#8243; _builder_version=\u00bb4.22.2&#8243; _module_preset=\u00bbdefault\u00bb min_height=\u00bb1253.3px\u00bb custom_margin=\u00bb||||true|false\u00bb custom_padding=\u00bb||||false|false\u00bb global_colors_info=\u00bb{}\u00bb][et_pb_row column_structure=\u00bb1_2,1_2&#8243; use_custom_gutter=\u00bbon\u00bb gutter_width=\u00bb1&#8243; make_equal=\u00bbon\u00bb admin_label=\u00bbBest Beans Row\u00bb module_class=\u00bb et_pb_row_fullwidth\u00bb _builder_version=\u00bb4.22.2&#8243; _module_preset=\u00bbdefault\u00bb width=\u00bb100%\u00bb max_width=\u00bbnone\u00bb min_height=\u00bb504.4px\u00bb custom_margin=\u00bb-10px|auto|-10px|auto|true|false\u00bb custom_padding=\u00bb0px||0px||false|false\u00bb make_fullwidth=\u00bbon\u00bb global_colors_info=\u00bb{}\u00bb][et_pb_column type=\u00bb1_2&#8243; _builder_version=\u00bb4.22.1&#8243; _module_preset=\u00bbdefault\u00bb background_enable_image=\u00bboff\u00bb custom_padding=\u00bb8%|8%|8%|8%|true|true\u00bb global_colors_info=\u00bb{}\u00bb custom_padding__hover=\u00bb|||\u00bb][et_pb_gallery gallery_ids=\u00bb68,69&#8243; _builder_version=\u00bb4.22.1&#8243; _module_preset=\u00bbdefault\u00bb custom_padding=\u00bb0px|||||\u00bb global_colors_info=\u00bb{}\u00bb][\/et_pb_gallery][et_pb_gallery gallery_ids=\u00bb772,776&#8243; _builder_version=\u00bb4.23.1&#8243; _module_preset=\u00bbdefault\u00bb link_option_url=\u00bbhttps:\/\/phoenix-rd.com\/wp-content\/uploads\/2023\/11\/I.V.-Flow-regulator-_Dosy-2007_8005-Phoenix_RD.pdf\u00bb global_colors_info=\u00bb{}\u00bb][\/et_pb_gallery][\/et_pb_column][et_pb_column type=\u00bb1_2&#8243; _builder_version=\u00bb4.22.1&#8243; _module_preset=\u00bbdefault\u00bb background_enable_image=\u00bboff\u00bb custom_padding=\u00bb8%|8%|8%|8%|true|true\u00bb global_colors_info=\u00bb{}\u00bb custom_padding__hover=\u00bb|||\u00bb][et_pb_button button_url=\u00bbhttps:\/\/phoenix-rd.com\/wp-content\/uploads\/2023\/11\/I.V.-Flow-regulator-2007-FreeFlowStopper-Phoenix_RD.pdf\u00bb url_new_window=\u00bbon\u00bb button_text=\u00bbDOSY 2007 con protecci\u00f3n del flujo libre\u00bb button_alignment=\u00bbcenter\u00bb _builder_version=\u00bb4.23.1&#8243; _module_preset=\u00bbdefault\u00bb custom_button=\u00bbon\u00bb button_text_size=\u00bb20px\u00bb button_text_color=\u00bb#FFFFFF\u00bb button_bg_color=\u00bb#176fc1&#8243; global_colors_info=\u00bb{}\u00bb][\/et_pb_button][et_pb_button button_url=\u00bbhttps:\/\/phoenix-rd.com\/es\/productos\/\u00bb button_text=\u00bbTodos los productos\u00bb button_alignment=\u00bbcenter\u00bb _builder_version=\u00bb4.23.1&#8243; _module_preset=\u00bbdefault\u00bb custom_button=\u00bbon\u00bb button_text_size=\u00bb21px\u00bb button_text_color=\u00bb#FFFFFF\u00bb button_bg_color=\u00bb#176fc1&#8243; global_colors_info=\u00bb{}\u00bb][\/et_pb_button][\/et_pb_column][\/et_pb_row][\/et_pb_section]<\/p>\n","protected":false},"excerpt":{"rendered":"<p>REGULADOR DE FLUJO DOSY 2007 CON PROTECCI\u00d3N DEL FLUJO LIBREAplicaci\u00f3nRegulaci\u00f3n de la entrega del flujo en suministraciones intravenosas, solamente por gravedad. Caracter\u00edsticas principalesUn regulador innovador con protecci\u00f3n especial para evitar el riesgo de flujo libre.ABS resistente a las altas temperaturasTemperatura m\u00e1xima de esterilizaci\u00f3n 60\u00b0CDuraci\u00f3n: 5 a\u00f1osJunta en silicona transparente LSRLa silicona es el material mejor [&hellip;]<\/p>\n","protected":false},"author":1,"featured_media":0,"parent":0,"menu_order":0,"comment_status":"closed","ping_status":"closed","template":"","meta":{"_et_pb_use_builder":"on","_et_pb_old_content":"","_et_gb_content_width":"","_monsterinsights_skip_tracking":false,"_monsterinsights_sitenote_active":false,"_monsterinsights_sitenote_note":"","_monsterinsights_sitenote_category":0,"iawp_total_views":0,"footnotes":""},"class_list":["post-1451","page","type-page","status-publish","hentry"],"yoast_head":"<!-- This site is optimized with the Yoast SEO plugin v27.3 - https:\/\/yoast.com\/product\/yoast-seo-wordpress\/ -->\n<title>DOSY 2007 CON PROTECCI\u00d3N DEL FLUJO LIBRE - Phoenix R. &amp; D. Srl - Flow Regulation<\/title>\n<meta name=\"robots\" content=\"index, follow, max-snippet:-1, max-image-preview:large, max-video-preview:-1\" \/>\n<link rel=\"canonical\" href=\"https:\/\/phoenix-rd.com\/es\/dosy-2007-con-proteccion-del-flujo-libre\/\" \/>\n<meta property=\"og:locale\" content=\"es_ES\" \/>\n<meta property=\"og:type\" content=\"article\" \/>\n<meta property=\"og:title\" content=\"DOSY 2007 CON PROTECCI\u00d3N DEL FLUJO LIBRE - Phoenix R. &amp; D. Srl - Flow Regulation\" \/>\n<meta property=\"og:description\" content=\"REGULADOR DE FLUJO DOSY 2007 CON PROTECCI\u00d3N DEL FLUJO LIBREAplicaci\u00f3nRegulaci\u00f3n de la entrega del flujo en suministraciones intravenosas, solamente por gravedad. Caracter\u00edsticas principalesUn regulador innovador con protecci\u00f3n especial para evitar el riesgo de flujo libre.ABS resistente a las altas temperaturasTemperatura m\u00e1xima de esterilizaci\u00f3n 60\u00b0CDuraci\u00f3n: 5 a\u00f1osJunta en silicona transparente LSRLa silicona es el material mejor [&hellip;]\" \/>\n<meta property=\"og:url\" content=\"https:\/\/phoenix-rd.com\/es\/dosy-2007-con-proteccion-del-flujo-libre\/\" \/>\n<meta property=\"og:site_name\" content=\"Phoenix R. &amp; D. Srl - Flow Regulation\" \/>\n<meta property=\"article:modified_time\" content=\"2024-11-11T08:35:16+00:00\" \/>\n<meta name=\"twitter:card\" content=\"summary_large_image\" \/>\n<meta name=\"twitter:label1\" content=\"Tiempo de lectura\" \/>\n\t<meta name=\"twitter:data1\" content=\"6 minutos\" \/>\n<script type=\"application\/ld+json\" class=\"yoast-schema-graph\">{\"@context\":\"https:\\\/\\\/schema.org\",\"@graph\":[{\"@type\":\"WebPage\",\"@id\":\"https:\\\/\\\/phoenix-rd.com\\\/es\\\/dosy-2007-con-proteccion-del-flujo-libre\\\/\",\"url\":\"https:\\\/\\\/phoenix-rd.com\\\/es\\\/dosy-2007-con-proteccion-del-flujo-libre\\\/\",\"name\":\"DOSY 2007 CON PROTECCI\u00d3N DEL FLUJO LIBRE - Phoenix R. &amp; D. Srl - Flow Regulation\",\"isPartOf\":{\"@id\":\"https:\\\/\\\/phoenix-rd.com\\\/es\\\/#website\"},\"datePublished\":\"2023-11-08T15:30:30+00:00\",\"dateModified\":\"2024-11-11T08:35:16+00:00\",\"breadcrumb\":{\"@id\":\"https:\\\/\\\/phoenix-rd.com\\\/es\\\/dosy-2007-con-proteccion-del-flujo-libre\\\/#breadcrumb\"},\"inLanguage\":\"es\",\"potentialAction\":[{\"@type\":\"ReadAction\",\"target\":[\"https:\\\/\\\/phoenix-rd.com\\\/es\\\/dosy-2007-con-proteccion-del-flujo-libre\\\/\"]}]},{\"@type\":\"BreadcrumbList\",\"@id\":\"https:\\\/\\\/phoenix-rd.com\\\/es\\\/dosy-2007-con-proteccion-del-flujo-libre\\\/#breadcrumb\",\"itemListElement\":[{\"@type\":\"ListItem\",\"position\":1,\"name\":\"Home\",\"item\":\"https:\\\/\\\/phoenix-rd.com\\\/es\\\/regulador-de-flujo-phoenix-r-d\\\/\"},{\"@type\":\"ListItem\",\"position\":2,\"name\":\"DOSY 2007 CON PROTECCI\u00d3N DEL FLUJO LIBRE\"}]},{\"@type\":\"WebSite\",\"@id\":\"https:\\\/\\\/phoenix-rd.com\\\/es\\\/#website\",\"url\":\"https:\\\/\\\/phoenix-rd.com\\\/es\\\/\",\"name\":\"Phoenix R. &amp; D. Srl - Flow Regulation\",\"description\":\"Phoenix R&amp;D Phoenix R&amp;D is focused on IV Flow Regulation components - creating, researching and producing innovations.\",\"potentialAction\":[{\"@type\":\"SearchAction\",\"target\":{\"@type\":\"EntryPoint\",\"urlTemplate\":\"https:\\\/\\\/phoenix-rd.com\\\/es\\\/?s={search_term_string}\"},\"query-input\":{\"@type\":\"PropertyValueSpecification\",\"valueRequired\":true,\"valueName\":\"search_term_string\"}}],\"inLanguage\":\"es\"}]}<\/script>\n<!-- \/ Yoast SEO plugin. -->","yoast_head_json":{"title":"DOSY 2007 CON PROTECCI\u00d3N DEL FLUJO LIBRE - Phoenix R. &amp; D. Srl - Flow Regulation","robots":{"index":"index","follow":"follow","max-snippet":"max-snippet:-1","max-image-preview":"max-image-preview:large","max-video-preview":"max-video-preview:-1"},"canonical":"https:\/\/phoenix-rd.com\/es\/dosy-2007-con-proteccion-del-flujo-libre\/","og_locale":"es_ES","og_type":"article","og_title":"DOSY 2007 CON PROTECCI\u00d3N DEL FLUJO LIBRE - Phoenix R. &amp; D. Srl - Flow Regulation","og_description":"REGULADOR DE FLUJO DOSY 2007 CON PROTECCI\u00d3N DEL FLUJO LIBREAplicaci\u00f3nRegulaci\u00f3n de la entrega del flujo en suministraciones intravenosas, solamente por gravedad. Caracter\u00edsticas principalesUn regulador innovador con protecci\u00f3n especial para evitar el riesgo de flujo libre.ABS resistente a las altas temperaturasTemperatura m\u00e1xima de esterilizaci\u00f3n 60\u00b0CDuraci\u00f3n: 5 a\u00f1osJunta en silicona transparente LSRLa silicona es el material mejor [&hellip;]","og_url":"https:\/\/phoenix-rd.com\/es\/dosy-2007-con-proteccion-del-flujo-libre\/","og_site_name":"Phoenix R. &amp; D. Srl - Flow Regulation","article_modified_time":"2024-11-11T08:35:16+00:00","twitter_card":"summary_large_image","twitter_misc":{"Tiempo de lectura":"6 minutos"},"schema":{"@context":"https:\/\/schema.org","@graph":[{"@type":"WebPage","@id":"https:\/\/phoenix-rd.com\/es\/dosy-2007-con-proteccion-del-flujo-libre\/","url":"https:\/\/phoenix-rd.com\/es\/dosy-2007-con-proteccion-del-flujo-libre\/","name":"DOSY 2007 CON PROTECCI\u00d3N DEL FLUJO LIBRE - Phoenix R. &amp; D. Srl - Flow Regulation","isPartOf":{"@id":"https:\/\/phoenix-rd.com\/es\/#website"},"datePublished":"2023-11-08T15:30:30+00:00","dateModified":"2024-11-11T08:35:16+00:00","breadcrumb":{"@id":"https:\/\/phoenix-rd.com\/es\/dosy-2007-con-proteccion-del-flujo-libre\/#breadcrumb"},"inLanguage":"es","potentialAction":[{"@type":"ReadAction","target":["https:\/\/phoenix-rd.com\/es\/dosy-2007-con-proteccion-del-flujo-libre\/"]}]},{"@type":"BreadcrumbList","@id":"https:\/\/phoenix-rd.com\/es\/dosy-2007-con-proteccion-del-flujo-libre\/#breadcrumb","itemListElement":[{"@type":"ListItem","position":1,"name":"Home","item":"https:\/\/phoenix-rd.com\/es\/regulador-de-flujo-phoenix-r-d\/"},{"@type":"ListItem","position":2,"name":"DOSY 2007 CON PROTECCI\u00d3N DEL FLUJO LIBRE"}]},{"@type":"WebSite","@id":"https:\/\/phoenix-rd.com\/es\/#website","url":"https:\/\/phoenix-rd.com\/es\/","name":"Phoenix R. &amp; D. Srl - Flow Regulation","description":"Phoenix R&amp;D Phoenix R&amp;D is focused on IV Flow Regulation components - creating, researching and producing innovations.","potentialAction":[{"@type":"SearchAction","target":{"@type":"EntryPoint","urlTemplate":"https:\/\/phoenix-rd.com\/es\/?s={search_term_string}"},"query-input":{"@type":"PropertyValueSpecification","valueRequired":true,"valueName":"search_term_string"}}],"inLanguage":"es"}]}},"_links":{"self":[{"href":"https:\/\/phoenix-rd.com\/es\/wp-json\/wp\/v2\/pages\/1451","targetHints":{"allow":["GET"]}}],"collection":[{"href":"https:\/\/phoenix-rd.com\/es\/wp-json\/wp\/v2\/pages"}],"about":[{"href":"https:\/\/phoenix-rd.com\/es\/wp-json\/wp\/v2\/types\/page"}],"author":[{"embeddable":true,"href":"https:\/\/phoenix-rd.com\/es\/wp-json\/wp\/v2\/users\/1"}],"replies":[{"embeddable":true,"href":"https:\/\/phoenix-rd.com\/es\/wp-json\/wp\/v2\/comments?post=1451"}],"version-history":[{"count":5,"href":"https:\/\/phoenix-rd.com\/es\/wp-json\/wp\/v2\/pages\/1451\/revisions"}],"predecessor-version":[{"id":1608,"href":"https:\/\/phoenix-rd.com\/es\/wp-json\/wp\/v2\/pages\/1451\/revisions\/1608"}],"wp:attachment":[{"href":"https:\/\/phoenix-rd.com\/es\/wp-json\/wp\/v2\/media?parent=1451"}],"curies":[{"name":"wp","href":"https:\/\/api.w.org\/{rel}","templated":true}]}}